{"id":296,"date":"2021-06-24T18:52:52","date_gmt":"2021-06-24T18:52:52","guid":{"rendered":"http:\/\/thomasbeimel.de\/?page_id=296"},"modified":"2021-06-24T19:11:54","modified_gmt":"2021-06-24T19:11:54","slug":"aktuelles","status":"publish","type":"page","link":"https:\/\/thomasbeimel.de\/?page_id=296","title":{"rendered":"aktuelles"},"content":{"rendered":"\n<p class=\"has-text-color\" style=\"color:#ff01ee\"><strong>Stream a little Beimel<\/strong><\/p>\n\n\n\n<p class=\"has-small-font-size\"><em>24.06.2021, Wuppertal<\/em> Zum 5. Todestag des Komponisten, Musikers und Musiktheoretikers Thomas Beimel wird sein auf CD erschienenes Werk f\u00fcr die bekannten Streaming- und Downloadplattformen ge\u00f6ffnet und zur Verf\u00fcgung gestellt. \u201eSo haben Musikinteressierte weltweit wesentlich einfacher die M\u00f6glichkeit, Zugang zu seinem kompositorischen Schaffen zu bekommen\u201c, sagen Reinhard Finke von VALVE Records und Nachlassverwalter Albert Groth.<\/p>\n\n\n\n<p class=\"has-small-font-size\">Thomas Beimel, geboren in Essen und ausgebildet an der Folkwang Hochschule f\u00fcr Musik in Essen, war durch und durch Wuppertaler. Seit 1988 hat er diese Stadt zu seinem Lebensmittelpunkt gew\u00e4hlt. Er war nicht nur Teil des kulturellen Lebens dieser Stadt und der Region, er hat sie auch aktiv mitgestaltet. Als ausgewiesener Kosmopolit brachte er stets neue Impulse insbesondere aus Madrid, Bukarest und Lateinamerika ein. Beimel erforschte immer wieder neu die Grenzen zwischen hoher Kunst und Alltagserleben.<br><br>Kompositionen aus seiner intensiven Zusammenarbeit mit dem Kettwiger Bach-Ensemble und der Kantorei Barmen-Gemarke, sind auf den Portrait-CDs zu finden. S\u00e4mtliche Alben sind bei dem Label VALVE Records erschienen und dort weiterhin erh\u00e4ltlich. Das Digitalisierungspojekt wurde durch das Kulturb\u00fcro der Stadt Wuppertal und die Villa Concordia in Bamberg gef\u00f6rdert.<\/p>\n\n\n\n<p class=\"has-small-font-size\">Neben vielen kammermusikalischen Kompositionen und solistischen Werken, die auf den CDs zu finden sind, komponierte Thomas Beimel auch f\u00fcr Schauspiel und Oper. Ein markantes Werk ist die Oper \u201eVom guten Ton\u201c, die in Zusammenarbeit mit dem Mandolinen-Konzertgesellschaft und der Oper Wuppertal im Schauspielhaus der Stadt 2012 aufgef\u00fchrt wurde. Nach seinem Tod am 29. Juni 2016 wurden posthum weitere Werke uraufgef\u00fchrt.<\/p>\n","protected":false},"excerpt":{"rendered":"<p>Stream a little Beimel 24.06.2021, Wuppertal Zum 5. Todestag des Komponisten, Musikers und Musiktheoretikers Thomas Beimel wird sein auf CD erschienenes Werk f\u00fcr die bekannten Streaming- und Downloadplattformen ge\u00f6ffnet und zur Verf\u00fcgung gestellt. \u201eSo haben Musikinteressierte weltweit wesentlich einfacher die M\u00f6glichkeit, Zugang zu seinem kompositorischen Schaffen zu bekommen\u201c, sagen Reinhard Finke von VALVE Records und &hellip; <a href=\"https:\/\/thomasbeimel.de\/?page_id=296\" class=\"more-link\"><span class=\"screen-reader-text\">aktuelles<\/span> weiterlesen<\/a><\/p>\n","protected":false},"author":1,"featured_media":0,"parent":0,"menu_order":0,"comment_status":"closed","ping_status":"closed","template":"","meta":{"footnotes":""},"_links":{"self":[{"href":"https:\/\/thomasbeimel.de\/index.php?rest_route=\/wp\/v2\/pages\/296"}],"collection":[{"href":"https:\/\/thomasbeimel.de\/index.php?rest_route=\/wp\/v2\/pages"}],"about":[{"href":"https:\/\/thomasbeimel.de\/index.php?rest_route=\/wp\/v2\/types\/page"}],"author":[{"embeddable":true,"href":"https:\/\/thomasbeimel.de\/index.php?rest_route=\/wp\/v2\/users\/1"}],"replies":[{"embeddable":true,"href":"https:\/\/thomasbeimel.de\/index.php?rest_route=%2Fwp%2Fv2%2Fcomments&post=296"}],"version-history":[{"count":3,"href":"https:\/\/thomasbeimel.de\/index.php?rest_route=\/wp\/v2\/pages\/296\/revisions"}],"predecessor-version":[{"id":299,"href":"https:\/\/thomasbeimel.de\/index.php?rest_route=\/wp\/v2\/pages\/296\/revisions\/299"}],"wp:attachment":[{"href":"https:\/\/thomasbeimel.de\/index.php?rest_route=%2Fwp%2Fv2%2Fmedia&parent=296"}],"curies":[{"name":"wp","href":"https:\/\/api.w.org\/{rel}","templated":true}]}}